{"id":89,"date":"2023-11-19T14:27:21","date_gmt":"2023-11-19T14:27:21","guid":{"rendered":"http:\/\/www.zenyapiinsaat.com\/?page_id=89"},"modified":"2024-01-06T14:39:56","modified_gmt":"2024-01-06T14:39:56","slug":"iletisim","status":"publish","type":"page","link":"https:\/\/www.zenyapiinsaat.com\/?page_id=89","title":{"rendered":"\u0130leti\u015fim"},"content":{"rendered":"<div class=\"row\"  id=\"row-570451042\">\n\n\t<div id=\"col-1785745193\" class=\"col small-12 large-12\"  >\n\t\t\t\t<div class=\"col-inner\"  >\n\t\t\t\n\t\t\t\n\t<section class=\"section\" id=\"section_2068747158\">\n\t\t<div class=\"bg section-bg fill bg-fill  bg-loaded\" >\n\n\t\t\t\n\t\t\t\n\t\t\t\n\n\t\t<\/div>\n\n\t\t\n\n\t\t<div class=\"section-content relative\">\n\t\t\t\n\n  <div class=\"banner has-hover\" id=\"banner-1582601225\">\n          <div class=\"banner-inner fill\">\n        <div class=\"banner-bg fill\" >\n            <div class=\"bg fill bg-fill \"><\/div>\n                                    \n                    <\/div>\n\t\t\n        <div class=\"banner-layers container\">\n            <div class=\"fill banner-link\"><\/div>            \n   <div id=\"text-box-1054997192\" class=\"text-box banner-layer x50 md-x50 lg-x50 y100 md-y100 lg-y100 res-text\">\n                                <div class=\"text-box-content text \">\n              \n              <div class=\"text-inner text-center\">\n                  \n<h4 class=\"uppercase\">ZEn in\u015faat<\/h4>\n<p>Bize Ula\u015f\u0131n<\/p>\n              <\/div>\n           <\/div>\n                            \n<style>\n#text-box-1054997192 .text-box-content {\n  background-color: rgba(255, 255, 255, 0.94);\n  font-size: 100%;\n}\n#text-box-1054997192 .text-inner {\n  padding: 5px 30px 10px 30px;\n}\n#text-box-1054997192 {\n  width: 100%;\n}\n<\/style>\n    <\/div>\n \n        <\/div>\n      <\/div>\n\n            \n<style>\n#banner-1582601225 {\n  padding-top: 50%;\n}\n#banner-1582601225 .bg.bg-loaded {\n  background-image: url(https:\/\/www.zenyapiinsaat.com\/wp-content\/uploads\/2023\/11\/WhatsApp-Image-2023-11-19-at-19.01.43.jpeg);\n}\n#banner-1582601225 .bg {\n  background-position: 51% 100%;\n}\n<\/style>\n  <\/div>\n\n\n\t\t<\/div>\n\n\t\t\n<style>\n#section_2068747158 {\n  padding-top: 30px;\n  padding-bottom: 30px;\n}\n<\/style>\n\t<\/section>\n\t\n\t\t<\/div>\n\t\t\t\t\t<\/div>\n\n\t\n<\/div>\n<div class=\"row\"  id=\"row-396265001\">\n\n\t<div id=\"col-513423140\" class=\"col medium-6 small-12 large-6\"  >\n\t\t\t\t<div class=\"col-inner\"  >\n\t\t\t\n\t\t\t\n\n\t\t<div class=\"icon-box featured-box icon-box-left text-left\"  >\n\t\t\t\t\t<div class=\"icon-box-img\" style=\"width: 60px\">\n\t\t\t\t<div class=\"icon\">\n\t\t\t\t\t<div class=\"icon-inner\" >\n\t\t\t\t\t\t<img loading=\"lazy\" decoding=\"async\" width=\"400\" height=\"400\" src=\"https:\/\/www.zenyapiinsaat.com\/wp-content\/uploads\/2023\/11\/zen-yeni-400x400.jpg\" class=\"attachment-medium size-medium\" alt=\"\" srcset=\"https:\/\/www.zenyapiinsaat.com\/wp-content\/uploads\/2023\/11\/zen-yeni-400x400.jpg 400w, https:\/\/www.zenyapiinsaat.com\/wp-content\/uploads\/2023\/11\/zen-yeni-800x800.jpg 800w, https:\/\/www.zenyapiinsaat.com\/wp-content\/uploads\/2023\/11\/zen-yeni-280x280.jpg 280w, https:\/\/www.zenyapiinsaat.com\/wp-content\/uploads\/2023\/11\/zen-yeni-768x768.jpg 768w, https:\/\/www.zenyapiinsaat.com\/wp-content\/uploads\/2023\/11\/zen-yeni-1536x1536.jpg 1536w, https:\/\/www.zenyapiinsaat.com\/wp-content\/uploads\/2023\/11\/zen-yeni.jpg 1563w\" sizes=\"auto, (max-width: 400px) 100vw, 400px\" \/>\t\t\t\t\t<\/div>\n\t\t\t\t<\/div>\n\t\t\t<\/div>\n\t\t\t\t<div class=\"icon-box-text last-reset\">\n\t\t\t\t\t\t\t\t\t\n<h3>Telefon<\/h3>\n<p>444 o 497<\/p>\n\t\t<\/div>\n\t<\/div>\n\t\n\t\n\n\t\t<div class=\"icon-box featured-box icon-box-left text-left\"  >\n\t\t\t\t\t<div class=\"icon-box-img\" style=\"width: 60px\">\n\t\t\t\t<div class=\"icon\">\n\t\t\t\t\t<div class=\"icon-inner\" >\n\t\t\t\t\t\t<img loading=\"lazy\" decoding=\"async\" width=\"400\" height=\"400\" src=\"https:\/\/www.zenyapiinsaat.com\/wp-content\/uploads\/2023\/11\/zen-yeni-400x400.jpg\" class=\"attachment-medium size-medium\" alt=\"\" srcset=\"https:\/\/www.zenyapiinsaat.com\/wp-content\/uploads\/2023\/11\/zen-yeni-400x400.jpg 400w, https:\/\/www.zenyapiinsaat.com\/wp-content\/uploads\/2023\/11\/zen-yeni-800x800.jpg 800w, https:\/\/www.zenyapiinsaat.com\/wp-content\/uploads\/2023\/11\/zen-yeni-280x280.jpg 280w, https:\/\/www.zenyapiinsaat.com\/wp-content\/uploads\/2023\/11\/zen-yeni-768x768.jpg 768w, https:\/\/www.zenyapiinsaat.com\/wp-content\/uploads\/2023\/11\/zen-yeni-1536x1536.jpg 1536w, https:\/\/www.zenyapiinsaat.com\/wp-content\/uploads\/2023\/11\/zen-yeni.jpg 1563w\" sizes=\"auto, (max-width: 400px) 100vw, 400px\" \/>\t\t\t\t\t<\/div>\n\t\t\t\t<\/div>\n\t\t\t<\/div>\n\t\t\t\t<div class=\"icon-box-text last-reset\">\n\t\t\t\t\t\t\t\t\t\n<h3>E Posta<\/h3>\n<p>info@zenyapiinsaat.com<\/p>\n\t\t<\/div>\n\t<\/div>\n\t\n\t\n\n\t\t<div class=\"icon-box featured-box icon-box-left text-left\"  >\n\t\t\t\t\t<div class=\"icon-box-img\" style=\"width: 60px\">\n\t\t\t\t<div class=\"icon\">\n\t\t\t\t\t<div class=\"icon-inner\" >\n\t\t\t\t\t\t<img loading=\"lazy\" decoding=\"async\" width=\"400\" height=\"400\" src=\"https:\/\/www.zenyapiinsaat.com\/wp-content\/uploads\/2023\/11\/zen-yeni-400x400.jpg\" class=\"attachment-medium size-medium\" alt=\"\" srcset=\"https:\/\/www.zenyapiinsaat.com\/wp-content\/uploads\/2023\/11\/zen-yeni-400x400.jpg 400w, https:\/\/www.zenyapiinsaat.com\/wp-content\/uploads\/2023\/11\/zen-yeni-800x800.jpg 800w, https:\/\/www.zenyapiinsaat.com\/wp-content\/uploads\/2023\/11\/zen-yeni-280x280.jpg 280w, https:\/\/www.zenyapiinsaat.com\/wp-content\/uploads\/2023\/11\/zen-yeni-768x768.jpg 768w, https:\/\/www.zenyapiinsaat.com\/wp-content\/uploads\/2023\/11\/zen-yeni-1536x1536.jpg 1536w, https:\/\/www.zenyapiinsaat.com\/wp-content\/uploads\/2023\/11\/zen-yeni.jpg 1563w\" sizes=\"auto, (max-width: 400px) 100vw, 400px\" \/>\t\t\t\t\t<\/div>\n\t\t\t\t<\/div>\n\t\t\t<\/div>\n\t\t\t\t<div class=\"icon-box-text last-reset\">\n\t\t\t\t\t\t\t\t\t\n<h3>Adres<\/h3>\n<p>Alt\u0131nova<\/p>\n\t\t<\/div>\n\t<\/div>\n\t\n\t\n\t\t<\/div>\n\t\t\t\t\t<\/div>\n\n\t\n\n\t<div id=\"col-442241260\" class=\"col medium-6 small-12 large-6\"  >\n\t\t\t\t<div class=\"col-inner\"  >\n\t\t\t\n\t\t\t\n\n<div class=\"wpcf7 no-js\" id=\"wpcf7-f97-o1\" lang=\"tr-TR\" dir=\"ltr\" data-wpcf7-id=\"97\">\n<div class=\"screen-reader-response\"><p role=\"status\" aria-live=\"polite\" aria-atomic=\"true\"><\/p> <ul><\/ul><\/div>\n<form action=\"\/index.php?rest_route=%2Fwp%2Fv2%2Fpages%2F89#wpcf7-f97-o1\" method=\"post\" class=\"wpcf7-form init\" aria-label=\"\u0130leti\u015fim Formu\" novalidate=\"novalidate\" data-status=\"init\">\n<fieldset class=\"hidden-fields-container\"><input type=\"hidden\" name=\"_wpcf7\" value=\"97\" \/><input type=\"hidden\" name=\"_wpcf7_version\" value=\"6.1.4\" \/><input type=\"hidden\" name=\"_wpcf7_locale\" value=\"tr_TR\" \/><input type=\"hidden\" name=\"_wpcf7_unit_tag\" value=\"wpcf7-f97-o1\" \/><input type=\"hidden\" name=\"_wpcf7_container_post\" value=\"0\" \/><input type=\"hidden\" name=\"_wpcf7_posted_data_hash\" value=\"\" \/>\n<\/fieldset>\n<p><label> Ad\u0131n\u0131z<br \/>\n<span class=\"wpcf7-form-control-wrap\" data-name=\"your-name\"><input size=\"40\" maxlength=\"400\" class=\"wpcf7-form-control wpcf7-text wpcf7-validates-as-required\" autocomplete=\"name\" aria-required=\"true\" aria-invalid=\"false\" value=\"\" type=\"text\" name=\"your-name\" \/><\/span> <\/label>\n<\/p>\n<p><label> E-posta adresiniz<br \/>\n<span class=\"wpcf7-form-control-wrap\" data-name=\"your-email\"><input size=\"40\" maxlength=\"400\" class=\"wpcf7-form-control wpcf7-email wpcf7-validates-as-required wpcf7-text wpcf7-validates-as-email\" autocomplete=\"email\" aria-required=\"true\" aria-invalid=\"false\" value=\"\" type=\"email\" name=\"your-email\" \/><\/span> <\/label>\n<\/p>\n<p><label> Konu<br \/>\n<span class=\"wpcf7-form-control-wrap\" data-name=\"your-subject\"><input size=\"40\" maxlength=\"400\" class=\"wpcf7-form-control wpcf7-text wpcf7-validates-as-required\" aria-required=\"true\" aria-invalid=\"false\" value=\"\" type=\"text\" name=\"your-subject\" \/><\/span> <\/label>\n<\/p>\n<p><label> \u0130letiniz (tercihe ba\u011fl\u0131)<br \/>\n<span class=\"wpcf7-form-control-wrap\" data-name=\"your-message\"><textarea cols=\"40\" rows=\"10\" maxlength=\"2000\" class=\"wpcf7-form-control wpcf7-textarea\" aria-invalid=\"false\" name=\"your-message\"><\/textarea><\/span> <\/label>\n<\/p>\n<p><input class=\"wpcf7-form-control wpcf7-submit has-spinner\" type=\"submit\" value=\"G\u00f6nder\" \/>\n<\/p><div class=\"wpcf7-response-output\" aria-hidden=\"true\"><\/div>\n<\/form>\n<\/div>\n\n\t\t<\/div>\n\t\t\t\t\t<\/div>\n\n\t\n<\/div>\n","protected":false},"excerpt":{"rendered":"","protected":false},"author":1,"featured_media":0,"parent":0,"menu_order":0,"comment_status":"closed","ping_status":"closed","template":"page-blank.php","meta":{"footnotes":""},"class_list":["post-89","page","type-page","status-publish","hentry"],"_links":{"self":[{"href":"https:\/\/www.zenyapiinsaat.com\/index.php?rest_route=\/wp\/v2\/pages\/89","targetHints":{"allow":["GET"]}}],"collection":[{"href":"https:\/\/www.zenyapiinsaat.com\/index.php?rest_route=\/wp\/v2\/pages"}],"about":[{"href":"https:\/\/www.zenyapiinsaat.com\/index.php?rest_route=\/wp\/v2\/types\/page"}],"author":[{"embeddable":true,"href":"https:\/\/www.zenyapiinsaat.com\/index.php?rest_route=\/wp\/v2\/users\/1"}],"replies":[{"embeddable":true,"href":"https:\/\/www.zenyapiinsaat.com\/index.php?rest_route=%2Fwp%2Fv2%2Fcomments&post=89"}],"version-history":[{"count":20,"href":"https:\/\/www.zenyapiinsaat.com\/index.php?rest_route=\/wp\/v2\/pages\/89\/revisions"}],"predecessor-version":[{"id":287,"href":"https:\/\/www.zenyapiinsaat.com\/index.php?rest_route=\/wp\/v2\/pages\/89\/revisions\/287"}],"wp:attachment":[{"href":"https:\/\/www.zenyapiinsaat.com\/index.php?rest_route=%2Fwp%2Fv2%2Fmedia&parent=89"}],"curies":[{"name":"wp","href":"https:\/\/api.w.org\/{rel}","templated":true}]}}