{"id":44,"date":"2023-11-19T11:46:26","date_gmt":"2023-11-19T11:46:26","guid":{"rendered":"https:\/\/www.zenyapiinsaat.com\/?page_id=44"},"modified":"2023-12-19T08:24:05","modified_gmt":"2023-12-19T08:24:05","slug":"altinova-insaat","status":"publish","type":"page","link":"https:\/\/www.zenyapiinsaat.com\/","title":{"rendered":"Alt\u0131nova \u0130n\u015faat"},"content":{"rendered":"\t<section class=\"section\" id=\"section_861816501\">\n\t\t<div class=\"bg section-bg fill bg-fill  bg-loaded\" >\n\n\t\t\t\n\t\t\t\n\t\t\t\n\n\t\t<\/div>\n\n\t\t\n\n\t\t<div class=\"section-content relative\">\n\t\t\t\n<div class=\"slider-wrapper relative\" id=\"slider-600411290\" >\n    <div class=\"slider slider-nav-circle slider-nav-large slider-nav-light slider-style-normal\"\n        data-flickity-options='{\n            \"cellAlign\": \"center\",\n            \"imagesLoaded\": true,\n            \"lazyLoad\": 1,\n            \"freeScroll\": false,\n            \"wrapAround\": true,\n            \"autoPlay\": 6000,\n            \"pauseAutoPlayOnHover\" : true,\n            \"prevNextButtons\": true,\n            \"contain\" : true,\n            \"adaptiveHeight\" : true,\n            \"dragThreshold\" : 10,\n            \"percentPosition\": true,\n            \"pageDots\": true,\n            \"rightToLeft\": false,\n            \"draggable\": true,\n            \"selectedAttraction\": 0.1,\n            \"parallax\" : 0,\n            \"friction\": 0.6        }'\n        >\n        \n\n  <div class=\"banner has-hover has-video\" id=\"banner-154536850\">\n          <div class=\"banner-inner fill\">\n        <div class=\"banner-bg fill\" >\n            <div class=\"bg fill bg-fill \"><\/div>\n            \t<div class=\"video-overlay no-click fill visible\"><\/div>\n\t<video class=\"video-bg fill visible\" preload playsinline autoplay muted loop>\n\t\t<source src=\"http:\/\/www.zenyapiinsaat.com\/wp-content\/uploads\/2023\/11\/altinova-zen-insaat.mp4\" type=\"video\/mp4\">\t<\/video>\n                        \n                    <\/div>\n\t\t\n        <div class=\"banner-layers container\">\n            <div class=\"fill banner-link\"><\/div>            \n   <div id=\"text-box-2077045669\" class=\"text-box banner-layer x0 md-x0 lg-x0 y85 md-y85 lg-y85 res-text\">\n                                <div class=\"text-box-content text dark\">\n              \n              <div class=\"text-inner text-center\">\n                  \n              <\/div>\n           <\/div>\n                            \n<style>\n#text-box-2077045669 {\n  width: 37%;\n}\n#text-box-2077045669 .text-box-content {\n  font-size: 100%;\n}\n<\/style>\n    <\/div>\n \n        <\/div>\n      <\/div>\n\n            \n<style>\n#banner-154536850 {\n  padding-top: 50%;\n}\n<\/style>\n  <\/div>\n\n\n\n  <div class=\"banner has-hover has-video\" id=\"banner-1676142029\">\n          <div class=\"banner-inner fill\">\n        <div class=\"banner-bg fill\" >\n            <div class=\"bg fill bg-fill \"><\/div>\n            \t<div class=\"video-overlay no-click fill visible\"><\/div>\n\t<video class=\"video-bg fill visible\" preload playsinline autoplay muted loop>\n\t\t<source src=\"http:\/\/www.zenyapiinsaat.com\/wp-content\/uploads\/2023\/11\/Zen-Insaat.mp4\" type=\"video\/mp4\">\t<\/video>\n                        \n                    <\/div>\n\t\t\n        <div class=\"banner-layers container\">\n            <div class=\"fill banner-link\"><\/div>            \n   <div id=\"text-box-1667144122\" class=\"text-box banner-layer x0 md-x0 lg-x0 y85 md-y85 lg-y85 res-text\">\n                                <div class=\"text-box-content text dark\">\n              \n              <div class=\"text-inner text-center\">\n                  \n              <\/div>\n           <\/div>\n                            \n<style>\n#text-box-1667144122 {\n  width: 37%;\n}\n#text-box-1667144122 .text-box-content {\n  font-size: 100%;\n}\n<\/style>\n    <\/div>\n \n        <\/div>\n      <\/div>\n\n            \n<style>\n#banner-1676142029 {\n  padding-top: 50%;\n}\n<\/style>\n  <\/div>\n\n\n\n  <div class=\"banner has-hover\" id=\"banner-724687170\">\n          <div class=\"banner-inner fill\">\n        <div class=\"banner-bg fill\" >\n            <div class=\"bg fill bg-fill \"><\/div>\n                                    \n                    <\/div>\n\t\t\t<div class=\"ux-shape-divider ux-shape-divider--top ux-shape-divider--style-curve-opacity ux-shape-divider--flip\">\n\t\t<svg viewBox=\"0 0 1000 100\" xmlns=\"http:\/\/www.w3.org\/2000\/svg\" preserveAspectRatio=\"none\">\n\t\t<path class=\"ux-shape-fill\" opacity=\"0.15\" d=\"M0 14C0 14 88.64 17.48 300 50C560 90 814 77 1003 40L1015 68L1018 104H0V14Z\"\/>\n\t\t<path class=\"ux-shape-fill\" opacity=\"0.3\" d=\"M0 45C0 45 271 90.13 500 77C657 68 830 30 1015 14V100H0V45Z\"\/>\n\t\t<path class=\"ux-shape-fill\" d=\"M0 58C0 58 188.29 90 508 90C798 90 1002 55 1002 55V100H0V58Z\"\/>\n<\/svg>\n\t<\/div>\n\n        <div class=\"banner-layers container\">\n            <div class=\"fill banner-link\"><\/div>            \n   <div id=\"text-box-703061563\" class=\"text-box banner-layer x0 md-x0 lg-x0 y85 md-y85 lg-y85 res-text\">\n                                <div class=\"text-box-content text dark\">\n              \n              <div class=\"text-inner text-center\">\n                  \n              <\/div>\n           <\/div>\n                            \n<style>\n#text-box-703061563 {\n  width: 37%;\n}\n#text-box-703061563 .text-box-content {\n  font-size: 100%;\n}\n<\/style>\n    <\/div>\n \n        <\/div>\n      <\/div>\n\n            \n<style>\n#banner-724687170 {\n  padding-top: 50%;\n}\n#banner-724687170 .bg.bg-loaded {\n  background-image: url(https:\/\/www.zenyapiinsaat.com\/wp-content\/uploads\/2023\/11\/WhatsApp-Image-2023-11-19-at-19.01.44-1400x739.jpeg);\n}\n#banner-724687170 .ux-shape-divider--top svg {\n  height: 150px;\n  --divider-top-width: 265%;\n}\n#banner-724687170 .ux-shape-divider--top .ux-shape-fill {\n  fill: rgb(255,255,255);\n}\n<\/style>\n  <\/div>\n\n\n     <\/div>\n\n     <div class=\"loading-spin dark large centered\"><\/div>\n\n\t<\/div>\n\n\n\t\t<\/div>\n\n\t\t\n<style>\n#section_861816501 {\n  padding-top: 1px;\n  padding-bottom: 1px;\n}\n<\/style>\n\t<\/section>\n\t\n\t<section class=\"section\" id=\"section_1361024159\">\n\t\t<div class=\"bg section-bg fill bg-fill  bg-loaded\" >\n\n\t\t\t\n\t\t\t\n\t\t\t\n\n\t\t<\/div>\n\n\t\t\n\n\t\t<div class=\"section-content relative\">\n\t\t\t\n<div class=\"row\"  id=\"row-206870119\">\n\n\t<div id=\"col-752023000\" class=\"col medium-4 small-12 large-4\"  data-animate=\"fadeInLeft\">\n\t\t\t\t<div class=\"col-inner\"  >\n\t\t\t\n\t\t\t\n\t<div id=\"text-877047143\" class=\"text\">\n\t\t\n<p style=\"text-align: left;\">Alt\u0131nova Zen yap\u0131 in\u015faat firmas\u0131 modern ve konforlu konutlar sunan bir firmad\u0131r. Zen Yap\u0131, m\u00fc\u015fterilerine kaliteli ve dayan\u0131kl\u0131 malzemeler kullanarak, depreme dayan\u0131kl\u0131, enerji verimli ve \u00e7evre dostu evler in\u015fa etmektedir.<\/p>\n\t\t\n<style>\n#text-877047143 {\n  font-size: 1.1rem;\n  text-align: left;\n}\n<\/style>\n\t<\/div>\n\t\n<a href=\"http:\/\/www.zenyapiinsaat.com\/?page_id=89\" target=\"_self\" class=\"button primary is-small\"  style=\"border-radius:10px;\">\n    <span>Bizi Aray\u0131n<\/span>\n  <\/a>\n\n<a class=\"button white is-small\"  style=\"border-radius:16px;\">\n  <i class=\"icon-map-pin-fill\" aria-hidden=\"true\" ><\/i>  <span>Yol Tarifi<\/span>\n  <\/a>\n\n\t\t<\/div>\n\t\t\t\t\n<style>\n#col-752023000 > .col-inner {\n  margin: 10px 10px 0px 0px;\n}\n<\/style>\n\t<\/div>\n\n\t\n\n\t<div id=\"col-1139175288\" class=\"col medium-8 small-12 large-8\"  >\n\t\t\t\t<div class=\"col-inner\"  >\n\t\t\t\n\t\t\t\n\t<div class=\"img has-hover x md-x lg-x y md-y lg-y\" id=\"image_1852826452\">\n\t\t\t\t\t\t\t\t<div class=\"img-inner dark\" >\n\t\t\t<img loading=\"lazy\" decoding=\"async\" width=\"955\" height=\"800\" src=\"https:\/\/www.zenyapiinsaat.com\/wp-content\/uploads\/2023\/11\/WhatsApp-Image-2023-11-19-at-19.01.45-955x800.jpeg\" class=\"attachment-large size-large\" alt=\"\" srcset=\"https:\/\/www.zenyapiinsaat.com\/wp-content\/uploads\/2023\/11\/WhatsApp-Image-2023-11-19-at-19.01.45-955x800.jpeg 955w, https:\/\/www.zenyapiinsaat.com\/wp-content\/uploads\/2023\/11\/WhatsApp-Image-2023-11-19-at-19.01.45-477x400.jpeg 477w, https:\/\/www.zenyapiinsaat.com\/wp-content\/uploads\/2023\/11\/WhatsApp-Image-2023-11-19-at-19.01.45-768x644.jpeg 768w, https:\/\/www.zenyapiinsaat.com\/wp-content\/uploads\/2023\/11\/WhatsApp-Image-2023-11-19-at-19.01.45-1536x1287.jpeg 1536w, https:\/\/www.zenyapiinsaat.com\/wp-content\/uploads\/2023\/11\/WhatsApp-Image-2023-11-19-at-19.01.45.jpeg 1600w\" sizes=\"auto, (max-width: 955px) 100vw, 955px\" \/>\t\t\t\t\t\t\n\t\t\t\t\t<\/div>\n\t\t\t\t\t\t\t\t\n<style>\n#image_1852826452 {\n  width: 100%;\n}\n<\/style>\n\t<\/div>\n\t\n\t\t<\/div>\n\t\t\t\t\t<\/div>\n\n\t\n<\/div>\n\t\t<\/div>\n\n\t\t\n<style>\n#section_1361024159 {\n  padding-top: 30px;\n  padding-bottom: 30px;\n  min-height: 600px;\n}\n<\/style>\n\t<\/section>\n\t\n\t<section class=\"section\" id=\"section_1333314882\">\n\t\t<div class=\"bg section-bg fill bg-fill  \" >\n\n\t\t\t\n\t\t\t<div class=\"section-bg-overlay absolute fill\"><\/div><div class=\"effect-sparkle bg-effect fill no-click\"><\/div>\n\t\t\t\n\n\t\t<\/div>\n\n\t\t\n\n\t\t<div class=\"section-content relative\">\n\t\t\t\n\t<div id=\"gap-1338091185\" class=\"gap-element clearfix\" style=\"display:block; height:auto;\">\n\t\t\n<style>\n#gap-1338091185 {\n  padding-top: 50px;\n}\n<\/style>\n\t<\/div>\n\t\n<div class=\"row\"  id=\"row-1753396935\">\n\n\t<div id=\"col-1951666874\" class=\"col medium-3 small-12 large-3\"  >\n\t\t\t\t<div class=\"col-inner\"  >\n\t\t\t\n\t\t\t\n\t<div id=\"text-3615088234\" class=\"text\">\n\t\t\n<h2><span class=\"count-up\">+20<\/span><\/h2>\n\t\t\n<style>\n#text-3615088234 {\n  font-size: 3.45rem;\n  text-align: center;\n  color: rgb(255,255,255);\n}\n#text-3615088234 > * {\n  color: rgb(255,255,255);\n}\n<\/style>\n\t<\/div>\n\t\n\t\t<\/div>\n\t\t\t\t\t<\/div>\n\n\t\n\n\t<div id=\"col-1744086588\" class=\"col medium-3 small-12 large-3\"  >\n\t\t\t\t<div class=\"col-inner\"  >\n\t\t\t\n\t\t\t\n\t<div id=\"text-1147747439\" class=\"text\">\n\t\t\n<p>Y\u0131ll\u0131k Sekt\u00f6r Tecr\u00fcbesi<\/p>\n\t\t\n<style>\n#text-1147747439 {\n  font-size: 1.95rem;\n  text-align: left;\n  color: rgb(255,255,255);\n}\n#text-1147747439 > * {\n  color: rgb(255,255,255);\n}\n<\/style>\n\t<\/div>\n\t\n\t\t<\/div>\n\t\t\t\t\t<\/div>\n\n\t\n\n\t<div id=\"col-1860926251\" class=\"col medium-3 small-12 large-3\"  >\n\t\t\t\t<div class=\"col-inner\"  >\n\t\t\t\n\t\t\t\n\t<div id=\"text-3274408529\" class=\"text\">\n\t\t\n<h2><span class=\"count-up\">+100&#8242;<\/span><\/h2>\n\t\t\n<style>\n#text-3274408529 {\n  font-size: 3.45rem;\n  text-align: center;\n  color: rgb(255,255,255);\n}\n#text-3274408529 > * {\n  color: rgb(255,255,255);\n}\n<\/style>\n\t<\/div>\n\t\n\t\t<\/div>\n\t\t\t\t\t<\/div>\n\n\t\n\n\t<div id=\"col-1160939198\" class=\"col medium-3 small-12 large-3\"  >\n\t\t\t\t<div class=\"col-inner\"  >\n\t\t\t\n\t\t\t\n\t<div id=\"text-2613883968\" class=\"text\">\n\t\t\n<p>&#8216;den Fazla Ba\u015f\u0131r\u0131l\u0131 Proje<\/p>\n\t\t\n<style>\n#text-2613883968 {\n  font-size: 1.9rem;\n  text-align: left;\n  color: rgb(255,255,255);\n}\n#text-2613883968 > * {\n  color: rgb(255,255,255);\n}\n<\/style>\n\t<\/div>\n\t\n\t\t<\/div>\n\t\t\t\t\t<\/div>\n\n\t\n<\/div>\n\t\t<\/div>\n\n\t\t\n<style>\n#section_1333314882 {\n  padding-top: 1px;\n  padding-bottom: 1px;\n  background-color: rgb(0,0,0);\n}\n#section_1333314882 .section-bg-overlay {\n  background-color: rgba(0,0,0,.5);\n}\n#section_1333314882 .section-bg.bg-loaded {\n  background-image: url(https:\/\/www.zenyapiinsaat.com\/wp-content\/uploads\/2023\/11\/9170_1620162478-scaled.jpg);\n}\n#section_1333314882 .section-bg {\n  background-position: 52% 22%;\n}\n<\/style>\n\t<\/section>\n\t\n<div class=\"row row-collapse align-bottom align-center\" style=\"max-width:1200px\" id=\"row-764281427\">\n\n\t<div id=\"col-1866104759\" class=\"col small-12 large-12\"  data-animate=\"fadeInLeft\">\n\t\t\t\t<div class=\"col-inner\"  >\n\t\t\t\n\t\t\t\n\t<div id=\"gap-2037723248\" class=\"gap-element clearfix\" style=\"display:block; height:auto;\">\n\t\t\n<style>\n#gap-2037723248 {\n  padding-top: 30px;\n}\n<\/style>\n\t<\/div>\n\t\n\t<div class=\"img has-hover x md-x lg-x y md-y lg-y\" id=\"image_14570740\">\n\t\t\t\t\t\t\t\t<div class=\"img-inner dark\" >\n\t\t\t<img loading=\"lazy\" decoding=\"async\" width=\"1020\" height=\"408\" src=\"https:\/\/www.zenyapiinsaat.com\/wp-content\/uploads\/2023\/11\/WhatsApp-Image-2023-10-23-at-17.04.39-1400x560.jpeg\" class=\"attachment-large size-large\" alt=\"\" srcset=\"https:\/\/www.zenyapiinsaat.com\/wp-content\/uploads\/2023\/11\/WhatsApp-Image-2023-10-23-at-17.04.39-1400x560.jpeg 1400w, https:\/\/www.zenyapiinsaat.com\/wp-content\/uploads\/2023\/11\/WhatsApp-Image-2023-10-23-at-17.04.39-800x320.jpeg 800w, https:\/\/www.zenyapiinsaat.com\/wp-content\/uploads\/2023\/11\/WhatsApp-Image-2023-10-23-at-17.04.39-768x307.jpeg 768w, https:\/\/www.zenyapiinsaat.com\/wp-content\/uploads\/2023\/11\/WhatsApp-Image-2023-10-23-at-17.04.39-1536x614.jpeg 1536w, https:\/\/www.zenyapiinsaat.com\/wp-content\/uploads\/2023\/11\/WhatsApp-Image-2023-10-23-at-17.04.39.jpeg 1600w\" sizes=\"auto, (max-width: 1020px) 100vw, 1020px\" \/>\t\t\t\t\t\t\n\t\t\t\t\t<\/div>\n\t\t\t\t\t\t\t\t\n<style>\n#image_14570740 {\n  width: 100%;\n}\n<\/style>\n\t<\/div>\n\t\n\t<section class=\"section\" id=\"section_263352150\">\n\t\t<div class=\"bg section-bg fill bg-fill  bg-loaded\" >\n\n\t\t\t\n\t\t\t\n\t\t\t\n\n\t\t<\/div>\n\n\t\t\n\n\t\t<div class=\"section-content relative\">\n\t\t\t\n<div class=\"row row-full-width align-center row-dashed\"  id=\"row-862019974\">\n\n\t<div id=\"col-111410881\" class=\"col medium-4 small-12 large-4\"  >\n\t\t\t\t<div class=\"col-inner text-shadow-5\"  >\n\t\t\t\n\t\t\t\n\n  <div class=\"banner has-hover bg-zoom\" id=\"banner-2076523673\">\n          <div class=\"banner-inner fill\">\n        <div class=\"banner-bg fill\" >\n            <div class=\"bg fill bg-fill \"><\/div>\n                        <div class=\"overlay\"><\/div>            \n                    <\/div>\n\t\t\n        <div class=\"banner-layers container\">\n            <a class=\"fill\" href=\"https:\/\/www.zenyapiinsaat.com\/?featured_item_category=gelecek-proje\" ><div class=\"fill banner-link\"><\/div><\/a>            \n   <div id=\"text-box-1887840043\" class=\"text-box banner-layer x100 md-x100 lg-x100 y100 md-y100 lg-y100 res-text\">\n                     <div data-animate=\"fadeInLeft\">           <div class=\"text-box-content text \">\n              \n              <div class=\"text-inner text-center\">\n                  \n\t<div id=\"text-3279986950\" class=\"text\">\n\t\t\n<h3 style=\"text-align: center;\">Gelecek<\/h3>\n<h2 class=\"alt-font\" style=\"text-align: center;\">Projelerimiz<\/h2>\n\t\t\n<style>\n#text-3279986950 {\n  font-size: 0.95rem;\n  line-height: 0.75;\n  text-align: center;\n  color: rgb(255,255,255);\n}\n#text-3279986950 > * {\n  color: rgb(255,255,255);\n}\n<\/style>\n\t<\/div>\n\t\n              <\/div>\n           <\/div>\n       <\/div>                     \n<style>\n#text-box-1887840043 {\n  margin: 0px 0px 80px 0px;\n  width: 60%;\n}\n#text-box-1887840043 .text-box-content {\n  background-color: rgba(205, 145, 33, 0.581);\n  font-size: 500%;\n}\n@media (min-width:550px) {\n  #text-box-1887840043 {\n    width: 100%;\n  }\n}\n<\/style>\n    <\/div>\n \n        <\/div>\n      <\/div>\n\n            \n<style>\n#banner-2076523673 {\n  padding-top: 99.99%;\n  background-color: rgb(255, 255, 255);\n}\n#banner-2076523673 .bg.bg-loaded {\n  background-image: url(https:\/\/www.zenyapiinsaat.com\/wp-content\/uploads\/2023\/11\/WhatsApp-Image-2023-11-19-at-19.01.45.jpeg);\n}\n#banner-2076523673 .overlay {\n  background-color: rgba(190, 190, 190, 0.2);\n}\n<\/style>\n  <\/div>\n\n\n\t\t<\/div>\n\t\t\t\t\t<\/div>\n\n\t\n\n\t<div id=\"col-809237598\" class=\"col medium-4 small-12 large-4\"  >\n\t\t\t\t<div class=\"col-inner text-center\"  >\n\t\t\t\n\t\t\t\n\n  <div class=\"banner has-hover bg-zoom\" id=\"banner-600373399\">\n          <div class=\"banner-inner fill\">\n        <div class=\"banner-bg fill\" >\n            <div class=\"bg fill bg-fill \"><\/div>\n                        <div class=\"overlay\"><\/div>            \n                    <\/div>\n\t\t\n        <div class=\"banner-layers container\">\n            <div class=\"fill banner-link\"><\/div>            \n   <div id=\"text-box-94525103\" class=\"text-box banner-layer x100 md-x100 lg-x100 y100 md-y100 lg-y100 res-text\">\n                     <div data-animate=\"fadeInLeft\">           <div class=\"text-box-content text text-shadow-2\">\n              \n              <div class=\"text-inner text-center\">\n                  \n\t<div id=\"text-4007356406\" class=\"text\">\n\t\t\n<h3 style=\"text-align: center;\">Devam Eden<\/h3>\n<h2 class=\"alt-font\" style=\"text-align: center;\">Projelerimiz<\/h2>\n\t\t\n<style>\n#text-4007356406 {\n  font-size: 0.95rem;\n  line-height: 0.75;\n  text-align: center;\n  color: rgb(255,255,255);\n}\n#text-4007356406 > * {\n  color: rgb(255,255,255);\n}\n<\/style>\n\t<\/div>\n\t\n              <\/div>\n           <\/div>\n       <\/div>                     \n<style>\n#text-box-94525103 {\n  margin: 0px 0px 80px 0px;\n  width: 60%;\n}\n#text-box-94525103 .text-box-content {\n  background-color: rgba(205, 145, 33, 0.581);\n  font-size: 0%;\n}\n@media (min-width:550px) {\n  #text-box-94525103 {\n    width: 100%;\n  }\n}\n<\/style>\n    <\/div>\n \n        <\/div>\n      <\/div>\n\n            \n<style>\n#banner-600373399 {\n  padding-top: 99.99%;\n  background-color: rgb(255, 255, 255);\n}\n#banner-600373399 .bg.bg-loaded {\n  background-image: url(https:\/\/www.zenyapiinsaat.com\/wp-content\/uploads\/2023\/11\/residential-house-process-building-scaled.jpg);\n}\n#banner-600373399 .overlay {\n  background-color: rgba(190, 190, 190, 0.2);\n}\n<\/style>\n  <\/div>\n\n\n\t\t<\/div>\n\t\t\t\t\t<\/div>\n\n\t\n\n\t<div id=\"col-1556176180\" class=\"col medium-4 small-12 large-4\"  >\n\t\t\t\t<div class=\"col-inner\"  >\n\t\t\t\n\t\t\t\n\n  <div class=\"banner has-hover bg-zoom\" id=\"banner-1865309279\">\n          <div class=\"banner-inner fill\">\n        <div class=\"banner-bg fill\" >\n            <div class=\"bg fill bg-fill \"><\/div>\n                        <div class=\"overlay\"><\/div>            \n                    <\/div>\n\t\t\n        <div class=\"banner-layers container\">\n            <div class=\"fill banner-link\"><\/div>            \n   <div id=\"text-box-614689444\" class=\"text-box banner-layer x100 md-x100 lg-x100 y100 md-y100 lg-y100 res-text\">\n                     <div data-animate=\"fadeInLeft\">           <div class=\"text-box-content text \">\n              \n\t<div class=\"is-border\"\n\t\tstyle=\"border-width:0px 0px 0px 0px;margin:0px -49px 0px 0px;\">\n\t<\/div>\n              <div class=\"text-inner text-center\">\n                  \n\t<div id=\"text-1247306855\" class=\"text\">\n\t\t\n<h3 style=\"text-align: center;\">Bitmi\u015f<\/h3>\n<h2 class=\"alt-font\" style=\"text-align: center;\">Projelerimiz<\/h2>\n\t\t\n<style>\n#text-1247306855 {\n  font-size: 0.95rem;\n  line-height: 0.85;\n  text-align: center;\n  color: rgb(255,255,255);\n}\n#text-1247306855 > * {\n  color: rgb(255,255,255);\n}\n<\/style>\n\t<\/div>\n\t\n              <\/div>\n           <\/div>\n       <\/div>                     \n<style>\n#text-box-614689444 {\n  margin: 0px 0px 80px 0px;\n  width: 60%;\n}\n#text-box-614689444 .text-box-content {\n  background-color: rgba(205, 145, 33, 0.581);\n  font-size: 500%;\n}\n@media (min-width:550px) {\n  #text-box-614689444 {\n    width: 100%;\n  }\n}\n<\/style>\n    <\/div>\n \n        <\/div>\n      <\/div>\n\n            \n<style>\n#banner-1865309279 {\n  padding-top: 99.99%;\n  background-color: rgb(255, 255, 255);\n}\n#banner-1865309279 .bg.bg-loaded {\n  background-image: url(https:\/\/www.zenyapiinsaat.com\/wp-content\/uploads\/2023\/11\/WhatsApp-Image-2023-11-19-at-19.01.43-1.jpeg);\n}\n#banner-1865309279 .overlay {\n  background-color: rgba(190, 190, 190, 0.2);\n}\n<\/style>\n  <\/div>\n\n\n\t\t<\/div>\n\t\t\t\t\t<\/div>\n\n\t\n<\/div>\n\t\t<\/div>\n\n\t\t\n<style>\n#section_263352150 {\n  padding-top: 30px;\n  padding-bottom: 30px;\n}\n<\/style>\n\t<\/section>\n\t\n\t\t<\/div>\n\t\t\t\t\t<\/div>\n\n\t\n\n<style>\n#row-764281427 > .col > .col-inner {\n  border-radius: 24px;\n}\n<\/style>\n<\/div>\n","protected":false},"excerpt":{"rendered":"","protected":false},"author":1,"featured_media":0,"parent":0,"menu_order":0,"comment_status":"closed","ping_status":"closed","template":"page-transparent-header.php","meta":{"footnotes":""},"class_list":["post-44","page","type-page","status-publish","hentry"],"_links":{"self":[{"href":"https:\/\/www.zenyapiinsaat.com\/index.php?rest_route=\/wp\/v2\/pages\/44","targetHints":{"allow":["GET"]}}],"collection":[{"href":"https:\/\/www.zenyapiinsaat.com\/index.php?rest_route=\/wp\/v2\/pages"}],"about":[{"href":"https:\/\/www.zenyapiinsaat.com\/index.php?rest_route=\/wp\/v2\/types\/page"}],"author":[{"embeddable":true,"href":"https:\/\/www.zenyapiinsaat.com\/index.php?rest_route=\/wp\/v2\/users\/1"}],"replies":[{"embeddable":true,"href":"https:\/\/www.zenyapiinsaat.com\/index.php?rest_route=%2Fwp%2Fv2%2Fcomments&post=44"}],"version-history":[{"count":92,"href":"https:\/\/www.zenyapiinsaat.com\/index.php?rest_route=\/wp\/v2\/pages\/44\/revisions"}],"predecessor-version":[{"id":285,"href":"https:\/\/www.zenyapiinsaat.com\/index.php?rest_route=\/wp\/v2\/pages\/44\/revisions\/285"}],"wp:attachment":[{"href":"https:\/\/www.zenyapiinsaat.com\/index.php?rest_route=%2Fwp%2Fv2%2Fmedia&parent=44"}],"curies":[{"name":"wp","href":"https:\/\/api.w.org\/{rel}","templated":true}]}}