{"id":111,"date":"2023-11-19T16:14:56","date_gmt":"2023-11-19T16:14:56","guid":{"rendered":"http:\/\/www.zenyapiinsaat.com\/?page_id=111"},"modified":"2023-11-22T14:21:16","modified_gmt":"2023-11-22T14:21:16","slug":"hakkimizda","status":"publish","type":"page","link":"https:\/\/www.zenyapiinsaat.com\/?page_id=111","title":{"rendered":"Hakk\u0131m\u0131zda"},"content":{"rendered":"\t<section class=\"section\" id=\"section_993229724\">\n\t\t<div class=\"bg section-bg fill bg-fill  \" >\n\n\t\t\t\n\t\t\t\n\t\t\t\n\n\t\t<\/div>\n\n\t\t\n\n\t\t<div class=\"section-content relative\">\n\t\t\t\n\t\t<\/div>\n\n\t\t\n<style>\n#section_993229724 {\n  padding-top: 30px;\n  padding-bottom: 30px;\n  min-height: 300px;\n}\n#section_993229724 .section-bg-overlay {\n  background-color: rgba(0, 0, 0, 0.221);\n}\n#section_993229724 .section-bg.bg-loaded {\n  background-image: url(https:\/\/www.zenyapiinsaat.com\/wp-content\/uploads\/2023\/11\/zen-yapi-altinova-scaled.jpg);\n}\n#section_993229724 .section-bg {\n  background-position: 55% 50%;\n}\n<\/style>\n\t<\/section>\n\t\n\t<div id=\"gap-130963717\" class=\"gap-element clearfix\" style=\"display:block; height:auto;\">\n\t\t\n<style>\n#gap-130963717 {\n  padding-top: 30px;\n}\n<\/style>\n\t<\/div>\n\t\n<div class=\"container section-title-container\" ><h2 class=\"section-title section-title-center\"><b><\/b><span class=\"section-title-main\" style=\"font-size:133%;color:rgb(29, 29, 3);\">Hakk\u0131m\u0131zda<\/span><b><\/b><\/h2><\/div>\n<div class=\"row row-collapse row-full-width align-middle\"  id=\"row-1276272148\">\n\n\t<div id=\"col-200854077\" class=\"col small-12 large-12\"  >\n\t\t\t\t<div class=\"col-inner text-center\"  >\n\t\t\t\n\t<div class=\"is-border\"\n\t\tstyle=\"border-width:0px 0px 0px 0px;\">\n\t<\/div>\n\t\t\t\n<div class=\"row row-collapse row-dashed\"  id=\"row-1408340736\">\n\n\t<div id=\"col-1792732124\" class=\"col medium-6 small-12 large-6\"  >\n\t\t\t\t<div class=\"col-inner\"  >\n\t\t\t\n\t\t\t\n\t<div id=\"text-4120373419\" class=\"text\">\n\t\t\n<p class=\"lead\" style=\"text-align: center;\" data-padding=\"5px\"><img loading=\"lazy\" decoding=\"async\" class=\"alignnone  wp-image-154\" src=\"http:\/\/www.zenyapiinsaat.com\/wp-content\/uploads\/2023\/11\/cropped-zen-yeni-1-400x400.jpg\" alt=\"\" width=\"295\" height=\"295\" srcset=\"https:\/\/www.zenyapiinsaat.com\/wp-content\/uploads\/2023\/11\/cropped-zen-yeni-1-400x400.jpg 400w, https:\/\/www.zenyapiinsaat.com\/wp-content\/uploads\/2023\/11\/cropped-zen-yeni-1-280x280.jpg 280w, https:\/\/www.zenyapiinsaat.com\/wp-content\/uploads\/2023\/11\/cropped-zen-yeni-1.jpg 512w\" sizes=\"auto, (max-width: 295px) 100vw, 295px\" \/><\/p>\n<p class=\"lead\" style=\"text-align: left;\" data-padding=\"5px\">Alt\u0131nova Zen Yap\u0131 \u0130n\u015faat olarak, in\u015faat sekt\u00f6r\u00fcnde kalite, g\u00fcven ve estetik anlay\u0131\u015f\u0131n\u0131 bir araya getiren bir firmay\u0131z. 2020 y\u0131l\u0131nda kurulan firmam\u0131z, k\u0131sa s\u00fcrede Alt\u0131nova\u2019n\u0131n en prestijli projelerine imza atm\u0131\u015ft\u0131r. Bizim i\u00e7in in\u015faat, sadece bina yapmak de\u011fil, hayalleri ger\u00e7e\u011fe d\u00f6n\u00fc\u015ft\u00fcrmek demektir.\u00a0<\/p>\n<p><!--more--><\/p>\n<p><!--more--><\/p>\n\t\t\n<style>\n#text-4120373419 {\n  font-size: 0.85rem;\n  line-height: 1.55;\n  text-align: right;\n}\n<\/style>\n\t<\/div>\n\t\n\t\t<\/div>\n\t\t\t\t\t<\/div>\n\n\t\n\n\t<div id=\"col-1251868193\" class=\"col medium-6 small-12 large-6\"  >\n\t\t\t\t<div class=\"col-inner\"  >\n\t\t\t\n\t\t\t\n\t<div class=\"img has-hover x md-x lg-x y md-y lg-y\" id=\"image_1706767638\">\n\t\t\t\t\t\t\t\t<div class=\"img-inner dark\" >\n\t\t\t<img loading=\"lazy\" decoding=\"async\" width=\"803\" height=\"800\" src=\"https:\/\/www.zenyapiinsaat.com\/wp-content\/uploads\/2023\/11\/WhatsApp-Image-2023-11-19-at-19.01.43-803x800.jpeg\" class=\"attachment-large size-large\" alt=\"\" srcset=\"https:\/\/www.zenyapiinsaat.com\/wp-content\/uploads\/2023\/11\/WhatsApp-Image-2023-11-19-at-19.01.43-803x800.jpeg 803w, https:\/\/www.zenyapiinsaat.com\/wp-content\/uploads\/2023\/11\/WhatsApp-Image-2023-11-19-at-19.01.43-402x400.jpeg 402w, https:\/\/www.zenyapiinsaat.com\/wp-content\/uploads\/2023\/11\/WhatsApp-Image-2023-11-19-at-19.01.43-280x280.jpeg 280w, https:\/\/www.zenyapiinsaat.com\/wp-content\/uploads\/2023\/11\/WhatsApp-Image-2023-11-19-at-19.01.43-768x765.jpeg 768w, https:\/\/www.zenyapiinsaat.com\/wp-content\/uploads\/2023\/11\/WhatsApp-Image-2023-11-19-at-19.01.43-1536x1530.jpeg 1536w, https:\/\/www.zenyapiinsaat.com\/wp-content\/uploads\/2023\/11\/WhatsApp-Image-2023-11-19-at-19.01.43.jpeg 1600w\" sizes=\"auto, (max-width: 803px) 100vw, 803px\" \/>\t\t\t\t\t\t\n\t\t\t\t\t<\/div>\n\t\t\t\t\t\t\t\t\n<style>\n#image_1706767638 {\n  width: 100%;\n}\n<\/style>\n\t<\/div>\n\t\n\t\t<\/div>\n\t\t\t\t\t<\/div>\n\n\t\n<\/div>\n\t\t<\/div>\n\t\t\t\t\t<\/div>\n\n\t\n<\/div>\n","protected":false},"excerpt":{"rendered":"<p>Alt\u0131nova Zen Yap\u0131 \u0130n\u015faat olarak, in\u015faat sekt\u00f6r\u00fcnde kalite, g\u00fcven ve estetik anlay\u0131\u015f\u0131n\u0131 bir araya getiren bir firmay\u0131z. 2020 y\u0131l\u0131nda kurulan firmam\u0131z, k\u0131sa s\u00fcrede Alt\u0131nova\u2019n\u0131n en prestijli projelerine imza atm\u0131\u015ft\u0131r. Bizim i\u00e7in in\u015faat, sadece bina yapmak de\u011fil, hayalleri ger\u00e7e\u011fe d\u00f6n\u00fc\u015ft\u00fcrmek demektir.\u00a0<\/p>\n","protected":false},"author":1,"featured_media":0,"parent":0,"menu_order":0,"comment_status":"closed","ping_status":"closed","template":"page-blank.php","meta":{"footnotes":""},"class_list":["post-111","page","type-page","status-publish","hentry"],"_links":{"self":[{"href":"https:\/\/www.zenyapiinsaat.com\/index.php?rest_route=\/wp\/v2\/pages\/111","targetHints":{"allow":["GET"]}}],"collection":[{"href":"https:\/\/www.zenyapiinsaat.com\/index.php?rest_route=\/wp\/v2\/pages"}],"about":[{"href":"https:\/\/www.zenyapiinsaat.com\/index.php?rest_route=\/wp\/v2\/types\/page"}],"author":[{"embeddable":true,"href":"https:\/\/www.zenyapiinsaat.com\/index.php?rest_route=\/wp\/v2\/users\/1"}],"replies":[{"embeddable":true,"href":"https:\/\/www.zenyapiinsaat.com\/index.php?rest_route=%2Fwp%2Fv2%2Fcomments&post=111"}],"version-history":[{"count":7,"href":"https:\/\/www.zenyapiinsaat.com\/index.php?rest_route=\/wp\/v2\/pages\/111\/revisions"}],"predecessor-version":[{"id":188,"href":"https:\/\/www.zenyapiinsaat.com\/index.php?rest_route=\/wp\/v2\/pages\/111\/revisions\/188"}],"wp:attachment":[{"href":"https:\/\/www.zenyapiinsaat.com\/index.php?rest_route=%2Fwp%2Fv2%2Fmedia&parent=111"}],"curies":[{"name":"wp","href":"https:\/\/api.w.org\/{rel}","templated":true}]}}